{"id":6770,"date":"2018-08-16T04:15:57","date_gmt":"2018-08-16T04:15:57","guid":{"rendered":"https:\/\/www.viptransportationloscabos.com\/privacy-policy\/"},"modified":"2018-08-18T15:31:33","modified_gmt":"2018-08-18T15:31:33","slug":"privacy-policy","status":"publish","type":"page","link":"https:\/\/www.viptransportationloscabos.com\/es\/privacy-policy\/","title":{"rendered":"Aviso de Privacidad"},"content":{"rendered":"<h1 style=\"text-align: center;\">AVISO DE PRIVACIDAD<\/h1>\n<p>Ponemos a tu disposici\u00f3n la presente informaci\u00f3n concerniente al tratamiento de tus datos personales, a fin de que tengas conocimiento detallado sobre los datos personales que recogemos sobre ti, qu\u00e9 tipo de datos recopilamos, c\u00f3mo los utilizamos, y qu\u00e9 puedes hacer al respecto.<\/p>\n<p>Ten en cuenta que las pr\u00e1cticas de privacidad establecidas en este aviso de privacidad son solo para este sitio web. Si enlazas a otros sitios web, revisa las pol\u00edticas de privacidad publicadas en esos sitios.<\/p>\n<p>En virtud que nuestra empresa no est\u00e1 establecida en la Uni\u00f3n Europea, y presta servicios de traslado tur\u00edstico a muchas personas f\u00edsicas, entre ellas residentes en la Uni\u00f3n Europea, hemos tomado las medidas necesarias para que tus datos personales sean recogidos con fines determinados, expl\u00edcitos y leg\u00edtimos; tratados de manera l\u00edcita, leal y transparente esto con el fin de garantizar que no seas privado de la protecci\u00f3n a la que tienes derecho en virtud del Reglamento General de Protecci\u00f3n de Datos ( RGPD siglas en ingl\u00e9s ). No usaremos tus datos posteriormente para otros fines que no sean compatibles con los establecidos en este aviso de privacidad.<\/p>\n<p><strong>Responsable del tratamiento de tus datos<\/strong><br \/>\nEl responsable del tratamiento de los datos a trav\u00e9s del sitio web <a href=\"https:\/\/www.viptransportationloscabos.com\">https:\/\/www.viptransportationloscabos.com<\/a> es la empresa COVENTUR LOS CABOS S.A, con domicilio en la Ciudad de San Jos\u00e9 del Cabo, Baja California Sur, correo electr\u00f3nico <a href=\"mailto:reservation@viptransportationloscabos.com\">reservation@viptransportationloscabos.com<\/a>.<\/p>\n<p><strong>C\u00f3mo Recogemos tus Datos<\/strong><br \/>\nRecogemos informaci\u00f3n de diferentes formas: interactuando contigo a trav\u00e9s de nuestro sitio web, correo electr\u00f3nico, tel\u00e9fono, chat, y comunicaciones personales. Reunimos estos datos para comprender mejor tu experiencia con nuestra empresa, cumplir tus solicitudes de reservas, boletines informativos u otro contenido, y para realizar las dem\u00e1s actividades descritas en nuestra Pol\u00edtica de privacidad.<\/p>\n<p><strong>Qu\u00e9 datos recogemos<\/strong><br \/>\nUna vez que contratas nuestros servicios, te pedimos algunos datos, como tu nombre y tu informaci\u00f3n de contacto. Si no recabamos determinados datos personales no podemos tramitar el servicio solicitado, no podemos finalizar y administrar tu reserva.<\/p>\n<p>Informaci\u00f3n de uso. Esto incluye informaci\u00f3n, como p\u00e1ginas vistas, fechas de visitas, fuente de referencia, tipo de navegador, tu direcci\u00f3n IP, identificadores asociados con sus dispositivos, tiempo en el sitio web y otros datos de tr\u00e1fico sobre tu actividad en nuestro sitio web, as\u00ed como cualquier dispositivo usado.<\/p>\n<p>Datos anal\u00edticos. Recopilamos datos anal\u00edticos a medida que utilizas nuestro sitio web para ayudarnos a mejorar nuestros servicios y productos.<\/p>\n<p>Empleamos Google Tag Manager, Google Analytics, Google Call Tracking, SmartLook y otros proveedores de an\u00e1lisis. Para obtener m\u00e1s informaci\u00f3n sobre las pol\u00edticas de privacidad de nuestros proveedores, usa los enlaces que te facilitamos a continuaci\u00f3n:<br \/>\nGoogle Privacy &amp; Terms <a href=\"https:\/\/policies.google.com\/\">https:\/\/policies.google.com\/<\/a><br \/>\nSmartLook Privacy Statement <a href=\"https:\/\/www.smartlook.com\/es\/help\/privacy-statement\/\">https:\/\/www.smartlook.com\/es\/help\/privacy-statement\/<\/a><br \/>\nYoutube <a href=\"https:\/\/www.youtube.com\/intl\/es\/yt\/about\/policies\/#community-guidelines\">https:\/\/www.youtube.com\/intl\/es\/yt\/about\/policies\/#community-guidelines<\/a><br \/>\nAs\u00ed mismo, utilizamos un programa de mensajer\u00eda instant\u00e1nea (chat) que tambi\u00e9n recoge estad\u00edsticas: LiveChatInc <a href=\"https:\/\/www.livechatinc.com\/privacy-policy\/\">https:\/\/www.livechatinc.com\/privacy-policy\/<\/a><\/p>\n<p>WordPress y plugins como WooCommerce y JetPack son utilizados en nuestro sitio web<br \/>\n<a href=\"https:\/\/automattic.com\/privacy\/\">https:\/\/automattic.com\/privacy\/<\/a><br \/>\n<a href=\"https:\/\/jetpack.com\/support\/privacy\/\">https:\/\/jetpack.com\/support\/privacy\/<\/a><\/p>\n<p>TripAdvisor cuenta con plugins que utilizamos en nuestro sitio para mostrarte reviews de inter\u00e9s, puedes consultar m\u00e1s al respecto aqu\u00ed:<br \/>\n<a href=\"https:\/\/www.tripadvisor.com\/Widgets\">https:\/\/www.tripadvisor.com\/Widgets<\/a><\/p>\n<p><strong>C\u00f3mo usamos la informaci\u00f3n que recogemos<\/strong><br \/>\nPara el tratamiento de tus datos siempre necesitaremos de tu consentimiento el cual debe ser libre, espec\u00edfico, informado e inequ\u00edvoco y te asiste el derecho de revocarlo en cualquier momento. T\u00fa, en condici\u00f3n de Usuario, eres el \u00fanico responsable de la veracidad y la actualizaci\u00f3n de los datos que nos has facilitado, COVENTUR LOS CABOS no se hace responsable de cualquier falta de veracidad o actualizaci\u00f3n de estos datos.<\/p>\n<p><strong>Usaremos la informaci\u00f3n recogida con el fin de<\/strong><br \/>\n&#8211; Prestarte el servicio de traslado de pasajeros (turistas) desde y hacia los aeropuertos y alrededores de Baja California Sur, nos comprometemos a que tu experiencia de traslado sea segura, confiable. Los datos objeto de tratamiento ser\u00e1n aquellos que nos facilites a trav\u00e9s de los formularios que en cada momento contenga la p\u00e1gina o a trav\u00e9s de los correos electr\u00f3nicos.<br \/>\n&#8211; Atender tus solicitudes, gestiones o tr\u00e1mites que realices en nuestro sitio web.<br \/>\n&#8211; Darte a conocer sobre concursos opcionales, ofertas especiales o promociones, cuando hayas otorgado tu consentimiento para ello.<br \/>\n&#8211; Corregir direcciones y llevar a cabo verificaciones sobre tu identidad y otras actividades para la detecci\u00f3n del fraude.<br \/>\n&#8211; Proporcionarte detalles de nuestros servicios.<br \/>\n&#8211; Realizar la facturaci\u00f3n de tu traslado, tambi\u00e9n utilizamos la informaci\u00f3n para realizar cambios en las reservas del servicio si solicitas dichos cambios.<br \/>\n&#8211; Ponernos en contacto contigo mediante correo electr\u00f3nico o mensaje de texto, debido a asuntos administrativos u operativos, por ejemplo para enviarte la confirmaci\u00f3n de las reservas y de pagos, notificarte cu\u00e1ndo est\u00e1 disponible la facturaci\u00f3n y con la finalidad de mejorar tu experiencia con nuestro sitio web, tal como se describe en nuestra pol\u00edtica de cookies<br \/>\n-Con el fin de mostrar tus testimonios personales como cliente, sobre nuestros servicios, podemos publicar en nuestro sitio web tu testimonio junto con tu nombre, siempre y cuando se encuentre publicado en plataformas como TripAdvisor, Facebook, Google, entre otras.<\/p>\n<p>Te recordamos que puedes oponerte al env\u00edo de comunicaciones comerciales en cualquier momento, a trav\u00e9s de nuestro correo electr\u00f3nico <a href=\"mailto:reservation@viptransportationloscabos.com\">reservation@viptransportationloscabos.com<\/a><\/p>\n<p>Ten en cuenta que cualquier comentario o informaci\u00f3n de datos personales que publiques en el sitio web y en las redes sociales se har\u00e1 p\u00fablico y que terceros pueden usar su informaci\u00f3n, en estos casos no somos responsables de ning\u00fan uso no autorizado por parte de terceros; la divulgaci\u00f3n de tu informaci\u00f3n es bajo tu propio riesgo.<\/p>\n<p><strong>C\u00f3mo y a d\u00f3nde transferimos tus datos<\/strong><br \/>\nPaypal es el servicio que gestiona los pagos hechos en VIPTransportationLosCabos.com, por lo tanto aquellos datos que suministras al momento de la reservaci\u00f3n son transferidos a PayPal. Ten en cuenta que nosotros (VIPTransportationLosCabos.com) NO almacenamos ni procesamos los datos de tus tarjetas de cr\u00e9dito.<\/p>\n<p>Cuando almacenamos o transferimos tus datos personales fuera de la Uni\u00f3n Europea, lo haremos de conformidad con el Reglamento general de protecci\u00f3n de datos, nos aseguramos que estas transferencias se realicen sobre la base de adhesi\u00f3n de estas empresas al marco de Privacy Shield, en el caso de ser empresas estadounidenses; o con empresas de otros pa\u00edses que se encuentran fuera del \u00e1mbito de la Uni\u00f3n Europea pero que hayan firmado las llamadas cl\u00e1usulas tipo de protecci\u00f3n de datos adoptadas por la Comisi\u00f3n Europea para transferencias internacionales.<\/p>\n<p><strong>Contratamos con las siguientes empresas proveedoras de servicios:<\/strong><br \/>\n-Utilizamos la plataforma de automatizaci\u00f3n de marketing Mailchimp, que cumple con los requisitos legales de privacidad y seguridad de datos. Para obtener m\u00e1s informaci\u00f3n, consulte la Pol\u00edtica de privacidad de Mailchimp: <a href=\"https:\/\/mailchimp.com\/legal\/privacy\/\">https:\/\/mailchimp.com\/legal\/privacy\/<\/a><br \/>\n&#8211; Facebook Ads, la plataforma de publicidad v\u00eda Facebook, nos permite hacer campa\u00f1as de Re-Marketing, cumple con los requisitos legales de privacidad y seguridad de datos. Para obtener m\u00e1s informaci\u00f3n, consulte la Pol\u00edtica de privacidad de Facebook: <a href=\"https:\/\/www.facebook.com\/privacy\/explanation\">https:\/\/www.facebook.com\/privacy\/explanation<\/a><\/p>\n<p><strong>Tus derechos sobre los datos objeto de tratamiento<\/strong><br \/>\nTienes el derecho de Acceso, conocer qu\u00e9 datos personales tenemos, para qu\u00e9 los utilizamos y las condiciones de uso que les damos. El derecho de Rectificaci\u00f3n, consiste en que puedes solicitar la correcci\u00f3n de tu informaci\u00f3n personal en caso de estar desactualizada, sea inexacta o incompleta. Tambi\u00e9n te asiste el derecho a que eliminemos la informaci\u00f3n de nuestros registros o bases de datos cuando consideres que la misma no est\u00e1 siendo utilizada conforme a los principios, deberes y obligaciones previstas en la normativa, este es el llamado derecho de Cancelaci\u00f3n. El derecho de Oposici\u00f3n que no es otra cosa que oponerte al uso de tus datos personales para fines espec\u00edficos; y el de Portabilidad, que es el derecho a recibir los datos personales, que nos haya facilitado en un formato estructurado, de uso com\u00fan y lectura mec\u00e1nica, y a transmitirlos a otro responsable del tratamiento. Y el derecho de Supresi\u00f3n, ejerciendo este derecho puedes obtener de nosotros, sin dilaci\u00f3n alguna, la supresi\u00f3n de tus datos personales cuando ya no sean necesarios para los fines que los recogimos, o hayan sido tratados de otro modo.<\/p>\n<p>En estos casos, como responsables de tus datos nos aseguraremos de tomar las medidas razonables para verificar tu identidad. De una manera f\u00e1cil, sencilla y gratuita puedes ejercer estos derechos en relaci\u00f3n con los datos que poseemos sobre ti, comunic\u00e1ndote al correo reservation@viptransportationloscabos.com, indicando el derecho que deseas ejercitar y tus datos identificativos, de esta forma te facilitaremos los formularios adecuados para hacernos llegar tu solicitud en relaci\u00f3n con cualquiera de dichos derechos que desees ejercitar.<\/p>\n<p><strong>Cookies<\/strong><br \/>\nTambi\u00e9n usamos \u00abcookies\u00bb las cuales son peque\u00f1os archivos de texto que tu dispositivo env\u00eda cada vez que visitas nuestro sitio web, exclusivo para tu navegador, puedes bloquear o desactivar el uso de las mismas, para obtener la informaci\u00f3n detallada sobre el uso que hacemos de las cookies, revisa nuestra Pol\u00edtica de cookies al pie de nuestra p\u00e1gina web.<\/p>\n<p><strong>Por cu\u00e1nto tiempo conservaremos tus datos<\/strong><br \/>\nConservamos tu informaci\u00f3n solo mientras la necesitemos para prestarte el servicio y cumplir los objetivos descritos en este aviso. Si tienes alguna pregunta sobre un periodo de retenci\u00f3n concreto para algunos de tus datos personales, puedes hacerlo a trav\u00e9s de nuestro correo <a href=\"mailto:reservation@viptransportationloscabos.com\">reservation@viptransportationloscabos.com<\/a><\/p>\n<p><strong>Cambios en el aviso de privacidad<\/strong><br \/>\nPuede ser que hagamos algunos cambios y revisiones peri\u00f3dicas sobre la efectividad de las medidas de seguridad implementadas, bien sea actualiz\u00e1ndolas o mejor\u00e1ndolas, por ello, te recomendamos que revise con regularidad nuestro sitio web que es donde se publicara esa nueva versi\u00f3n para mantenerte informado.<\/p>\n<p>Si bien prestamos mucha atenci\u00f3n a la calidad de la traducci\u00f3n de nuestro sitio web, condiciones y estas pol\u00edticas de privacidad, dejamos claro que en caso de discrepancia, prevalecer\u00e1 la versi\u00f3n en espa\u00f1ol de este documento.<\/p>\n","protected":false},"excerpt":{"rendered":"<p>AVISO DE PRIVACIDAD Ponemos a tu disposici\u00f3n la presente informaci\u00f3n concerniente al tratamiento de tus datos personales, a fin de que tengas conocimiento detallado sobre los datos personales que recogemos sobre ti, qu\u00e9 tipo de datos recopilamos, c\u00f3mo los utilizamos, y qu\u00e9 puedes hacer al respecto. Ten en cuenta que las pr\u00e1cticas de privacidad establecidas [&hellip;]<\/p>\n","protected":false},"author":1,"featured_media":0,"parent":0,"menu_order":0,"comment_status":"closed","ping_status":"closed","template":"","meta":{"_lmt_disableupdate":"","_lmt_disable":"","_themeisle_gutenberg_block_has_review":false,"jetpack_post_was_ever_published":false,"footnotes":""},"class_list":["post-6770","page","type-page","status-publish","hentry"],"yoast_head":"<!-- This site is optimized with the Yoast SEO plugin v26.5 - https:\/\/yoast.com\/wordpress\/plugins\/seo\/ -->\n<title>Aviso de Privacidad - Are you looking for the best transportation service in Los Cabos?<\/title>\n<meta name=\"robots\" content=\"index, follow, max-snippet:-1, max-image-preview:large, max-video-preview:-1\" \/>\n<link rel=\"canonical\" href=\"https:\/\/www.viptransportationloscabos.com\/es\/privacy-policy\/\" \/>\n<meta property=\"og:locale\" content=\"es_ES\" \/>\n<meta property=\"og:type\" content=\"article\" \/>\n<meta property=\"og:title\" content=\"Aviso de Privacidad - Are you looking for the best transportation service in Los Cabos?\" \/>\n<meta property=\"og:description\" content=\"AVISO DE PRIVACIDAD Ponemos a tu disposici\u00f3n la presente informaci\u00f3n concerniente al tratamiento de tus datos personales, a fin de que tengas conocimiento detallado sobre los datos personales que recogemos sobre ti, qu\u00e9 tipo de datos recopilamos, c\u00f3mo los utilizamos, y qu\u00e9 puedes hacer al respecto. Ten en cuenta que las pr\u00e1cticas de privacidad establecidas [&hellip;]\" \/>\n<meta property=\"og:url\" content=\"https:\/\/www.viptransportationloscabos.com\/es\/privacy-policy\/\" \/>\n<meta property=\"og:site_name\" content=\"Are you looking for the best transportation service in Los Cabos?\" \/>\n<meta property=\"article:publisher\" content=\"https:\/\/www.facebook.com\/viptransportationloscabos\/\" \/>\n<meta property=\"article:modified_time\" content=\"2018-08-18T15:31:33+00:00\" \/>\n<meta property=\"og:image\" content=\"https:\/\/www.viptransportationloscabos.com\/wp-content\/uploads\/2017\/04\/WhatsApp-Image-2025-05-26-at-1.23.51-PM-2.jpeg\" \/>\n\t<meta property=\"og:image:width\" content=\"1599\" \/>\n\t<meta property=\"og:image:height\" content=\"1200\" \/>\n\t<meta property=\"og:image:type\" content=\"image\/jpeg\" \/>\n<meta name=\"twitter:card\" content=\"summary_large_image\" \/>\n<meta name=\"twitter:label1\" content=\"Tiempo de lectura\" \/>\n\t<meta name=\"twitter:data1\" content=\"9 minutos\" \/>\n<script type=\"application\/ld+json\" class=\"yoast-schema-graph\">{\"@context\":\"https:\/\/schema.org\",\"@graph\":[{\"@type\":\"WebPage\",\"@id\":\"https:\/\/www.viptransportationloscabos.com\/es\/privacy-policy\/\",\"url\":\"https:\/\/www.viptransportationloscabos.com\/es\/privacy-policy\/\",\"name\":\"Aviso de Privacidad - Are you looking for the best transportation service in Los Cabos?\",\"isPartOf\":{\"@id\":\"https:\/\/www.viptransportationloscabos.com\/es\/#website\"},\"datePublished\":\"2018-08-16T04:15:57+00:00\",\"dateModified\":\"2018-08-18T15:31:33+00:00\",\"breadcrumb\":{\"@id\":\"https:\/\/www.viptransportationloscabos.com\/es\/privacy-policy\/#breadcrumb\"},\"inLanguage\":\"es\",\"potentialAction\":[{\"@type\":\"ReadAction\",\"target\":[\"https:\/\/www.viptransportationloscabos.com\/es\/privacy-policy\/\"]}]},{\"@type\":\"BreadcrumbList\",\"@id\":\"https:\/\/www.viptransportationloscabos.com\/es\/privacy-policy\/#breadcrumb\",\"itemListElement\":[{\"@type\":\"ListItem\",\"position\":1,\"name\":\"Home\",\"item\":\"https:\/\/www.viptransportationloscabos.com\/es\/\"},{\"@type\":\"ListItem\",\"position\":2,\"name\":\"Aviso de Privacidad\"}]},{\"@type\":\"WebSite\",\"@id\":\"https:\/\/www.viptransportationloscabos.com\/es\/#website\",\"url\":\"https:\/\/www.viptransportationloscabos.com\/es\/\",\"name\":\"Are you looking for the best transportation service in Los Cabos? - Airport to Hotel Private Shuttle Service\",\"description\":\"You have never felt so much like a VIP before\",\"publisher\":{\"@id\":\"https:\/\/www.viptransportationloscabos.com\/es\/#organization\"},\"potentialAction\":[{\"@type\":\"SearchAction\",\"target\":{\"@type\":\"EntryPoint\",\"urlTemplate\":\"https:\/\/www.viptransportationloscabos.com\/es\/?s={search_term_string}\"},\"query-input\":{\"@type\":\"PropertyValueSpecification\",\"valueRequired\":true,\"valueName\":\"search_term_string\"}}],\"inLanguage\":\"es\"},{\"@type\":\"Organization\",\"@id\":\"https:\/\/www.viptransportationloscabos.com\/es\/#organization\",\"name\":\"VIP Transportation Los Cabos - Airport to Hotel Private Shuttle Service\",\"url\":\"https:\/\/www.viptransportationloscabos.com\/es\/\",\"logo\":{\"@type\":\"ImageObject\",\"inLanguage\":\"es\",\"@id\":\"https:\/\/www.viptransportationloscabos.com\/es\/#\/schema\/logo\/image\/\",\"url\":\"https:\/\/www.viptransportationloscabos.com\/wp-content\/uploads\/2017\/04\/VIP_T_Logo_color.png\",\"contentUrl\":\"https:\/\/www.viptransportationloscabos.com\/wp-content\/uploads\/2017\/04\/VIP_T_Logo_color.png\",\"width\":792,\"height\":325,\"caption\":\"VIP Transportation Los Cabos - Airport to Hotel Private Shuttle Service\"},\"image\":{\"@id\":\"https:\/\/www.viptransportationloscabos.com\/es\/#\/schema\/logo\/image\/\"},\"sameAs\":[\"https:\/\/www.facebook.com\/viptransportationloscabos\/\",\"http:\/\/instagram.com\/vipcabos\",\"https:\/\/www.tripadvisor.com\/Attraction_Review-g152516-d10358020-Reviews-VIP_Transportation_Los_Cabos-San_Jose_del_Cabo_Los_Cabos_Baja_California.html\"]}]}<\/script>\n<!-- \/ Yoast SEO plugin. -->","yoast_head_json":{"title":"Aviso de Privacidad - Are you looking for the best transportation service in Los Cabos?","robots":{"index":"index","follow":"follow","max-snippet":"max-snippet:-1","max-image-preview":"max-image-preview:large","max-video-preview":"max-video-preview:-1"},"canonical":"https:\/\/www.viptransportationloscabos.com\/es\/privacy-policy\/","og_locale":"es_ES","og_type":"article","og_title":"Aviso de Privacidad - Are you looking for the best transportation service in Los Cabos?","og_description":"AVISO DE PRIVACIDAD Ponemos a tu disposici\u00f3n la presente informaci\u00f3n concerniente al tratamiento de tus datos personales, a fin de que tengas conocimiento detallado sobre los datos personales que recogemos sobre ti, qu\u00e9 tipo de datos recopilamos, c\u00f3mo los utilizamos, y qu\u00e9 puedes hacer al respecto. Ten en cuenta que las pr\u00e1cticas de privacidad establecidas [&hellip;]","og_url":"https:\/\/www.viptransportationloscabos.com\/es\/privacy-policy\/","og_site_name":"Are you looking for the best transportation service in Los Cabos?","article_publisher":"https:\/\/www.facebook.com\/viptransportationloscabos\/","article_modified_time":"2018-08-18T15:31:33+00:00","og_image":[{"width":1599,"height":1200,"url":"https:\/\/www.viptransportationloscabos.com\/wp-content\/uploads\/2017\/04\/WhatsApp-Image-2025-05-26-at-1.23.51-PM-2.jpeg","type":"image\/jpeg"}],"twitter_card":"summary_large_image","twitter_misc":{"Tiempo de lectura":"9 minutos"},"schema":{"@context":"https:\/\/schema.org","@graph":[{"@type":"WebPage","@id":"https:\/\/www.viptransportationloscabos.com\/es\/privacy-policy\/","url":"https:\/\/www.viptransportationloscabos.com\/es\/privacy-policy\/","name":"Aviso de Privacidad - Are you looking for the best transportation service in Los Cabos?","isPartOf":{"@id":"https:\/\/www.viptransportationloscabos.com\/es\/#website"},"datePublished":"2018-08-16T04:15:57+00:00","dateModified":"2018-08-18T15:31:33+00:00","breadcrumb":{"@id":"https:\/\/www.viptransportationloscabos.com\/es\/privacy-policy\/#breadcrumb"},"inLanguage":"es","potentialAction":[{"@type":"ReadAction","target":["https:\/\/www.viptransportationloscabos.com\/es\/privacy-policy\/"]}]},{"@type":"BreadcrumbList","@id":"https:\/\/www.viptransportationloscabos.com\/es\/privacy-policy\/#breadcrumb","itemListElement":[{"@type":"ListItem","position":1,"name":"Home","item":"https:\/\/www.viptransportationloscabos.com\/es\/"},{"@type":"ListItem","position":2,"name":"Aviso de Privacidad"}]},{"@type":"WebSite","@id":"https:\/\/www.viptransportationloscabos.com\/es\/#website","url":"https:\/\/www.viptransportationloscabos.com\/es\/","name":"Are you looking for the best transportation service in Los Cabos? - Airport to Hotel Private Shuttle Service","description":"You have never felt so much like a VIP before","publisher":{"@id":"https:\/\/www.viptransportationloscabos.com\/es\/#organization"},"potentialAction":[{"@type":"SearchAction","target":{"@type":"EntryPoint","urlTemplate":"https:\/\/www.viptransportationloscabos.com\/es\/?s={search_term_string}"},"query-input":{"@type":"PropertyValueSpecification","valueRequired":true,"valueName":"search_term_string"}}],"inLanguage":"es"},{"@type":"Organization","@id":"https:\/\/www.viptransportationloscabos.com\/es\/#organization","name":"VIP Transportation Los Cabos - Airport to Hotel Private Shuttle Service","url":"https:\/\/www.viptransportationloscabos.com\/es\/","logo":{"@type":"ImageObject","inLanguage":"es","@id":"https:\/\/www.viptransportationloscabos.com\/es\/#\/schema\/logo\/image\/","url":"https:\/\/www.viptransportationloscabos.com\/wp-content\/uploads\/2017\/04\/VIP_T_Logo_color.png","contentUrl":"https:\/\/www.viptransportationloscabos.com\/wp-content\/uploads\/2017\/04\/VIP_T_Logo_color.png","width":792,"height":325,"caption":"VIP Transportation Los Cabos - Airport to Hotel Private Shuttle Service"},"image":{"@id":"https:\/\/www.viptransportationloscabos.com\/es\/#\/schema\/logo\/image\/"},"sameAs":["https:\/\/www.facebook.com\/viptransportationloscabos\/","http:\/\/instagram.com\/vipcabos","https:\/\/www.tripadvisor.com\/Attraction_Review-g152516-d10358020-Reviews-VIP_Transportation_Los_Cabos-San_Jose_del_Cabo_Los_Cabos_Baja_California.html"]}]}},"jetpack-related-posts":[],"jetpack_sharing_enabled":true,"jetpack_shortlink":"https:\/\/wp.me\/P8A0qL-1Lc","_links":{"self":[{"href":"https:\/\/www.viptransportationloscabos.com\/es\/wp-json\/wp\/v2\/pages\/6770","targetHints":{"allow":["GET"]}}],"collection":[{"href":"https:\/\/www.viptransportationloscabos.com\/es\/wp-json\/wp\/v2\/pages"}],"about":[{"href":"https:\/\/www.viptransportationloscabos.com\/es\/wp-json\/wp\/v2\/types\/page"}],"author":[{"embeddable":true,"href":"https:\/\/www.viptransportationloscabos.com\/es\/wp-json\/wp\/v2\/users\/1"}],"replies":[{"embeddable":true,"href":"https:\/\/www.viptransportationloscabos.com\/es\/wp-json\/wp\/v2\/comments?post=6770"}],"version-history":[{"count":0,"href":"https:\/\/www.viptransportationloscabos.com\/es\/wp-json\/wp\/v2\/pages\/6770\/revisions"}],"wp:attachment":[{"href":"https:\/\/www.viptransportationloscabos.com\/es\/wp-json\/wp\/v2\/media?parent=6770"}],"curies":[{"name":"wp","href":"https:\/\/api.w.org\/{rel}","templated":true}]}}