{"id":20660,"date":"2020-05-12T14:50:21","date_gmt":"2020-05-12T14:50:21","guid":{"rendered":"https:\/\/www.viptransportationloscabos.com\/coronavirus-update\/"},"modified":"2020-05-13T16:18:55","modified_gmt":"2020-05-13T16:18:55","slug":"coronavirus-update","status":"publish","type":"page","link":"https:\/\/www.viptransportationloscabos.com\/es\/coronavirus-update\/","title":{"rendered":"Coronavirus Update"},"content":{"rendered":"\n<h2 class=\"has-text-align-center wp-block-heading\"> COMUNICADO OFICIAL <\/h2>\n\n\n\n<p>Vip Transportaci\u00f3n Los Cabos est\u00e1 comprometido en brindar a todos nuestros clientes y colaboradores la mejor experiencia posible, su seguridad y bienestar es nuestra prioridad.<\/p>\n\n\n\n<p>Estamos actualiz\u00e1ndonos activamente sobre la situaci\u00f3n del COVID-19 y tomando medidas para que todos estemos seguros. Es por ello que bas\u00e1ndonos en los lineamientos y restricciones de viaje a nivel global, y siguiendo las recomendaciones para contener el contagio del COVID-19, nos estamos capacitando constantemente para poder recibirlos nuevamente a partir del 01 de Junio de 2020, garantiz\u00e1ndoles todas las medidas pertinentes para hacer su viaje seguro.<\/p>\n\n\n\n<h2 class=\"wp-block-heading\">Protocolos aplicados para su seguridad, asesorados por la CDC&nbsp;<\/h2>\n\n\n\n<ul class=\"wp-block-list\"><li>Uso obligatorio de cubre bocas para el conductor, staff y pasajeros.\u00a0<\/li><li>Se tomar\u00e1 la temperatura de los pasajeros antes de subir a los veh\u00edculos.<\/li><li>Se aplicar\u00e1 de Gel antibacterial (Soluciones de alcohol con al menos un 70 % de alcohol) antes de abordar el veh\u00edculo a los clientes y staff de nuestro equipo.<\/li><li>No estar\u00e1 disponible el asiento delantero de nuestros veh\u00edculos para su uso.<\/li><li>Se aplicar\u00e1 sanitizaci\u00f3n por medio de nanotecnolog\u00eda (avalado por la Norma oficial mexicana) antes y durante el trayecto, de esta manera usted podr\u00e1 disfrutar su viaje libre de virus, as\u00ed mismo se sanitiza su ropa, equipaje, ya que nuestro producto garantiza la sanitaci\u00f3n dentro del veh\u00edculo.<\/li><li>Se limpiar\u00e1 y desinfectara las superficies del veh\u00edculo que se usan con frecuencia al iniciar y finalizar de cada traslado, con soluci\u00f3n desinfectante.<\/li><li>Limitaremos el uso de recirculaci\u00f3n de aire para la ventilaci\u00f3n interna del veh\u00edculo durante el traslado de pasajeros, aplicaremos la ventilaci\u00f3n del aire natural.<\/li><li>Contaremos con pa\u00f1uelos desechables en el veh\u00edculo para su uso en caso que lo requiera al toser, estornudar.<\/li><li>Capacitaci\u00f3n de nuestro personal constante sobre las medidas de prevenci\u00f3n, causas y s\u00edntomas del COVID-19<\/li><li>Mantendremos la sana distancia en cada una de nuestras funciones.<\/li><li>Todo personal administrativo y operativo usara obligatoriamente cubre bocas durante todas sus funciones, as\u00ed mismo har\u00e1n uso de gel antibacterial y lavado de manos frecuentemente.<\/li><li>Nuestras oficinas contaran con sanitaci\u00f3n diaria por medio de nano tecnolog\u00eda (avalado por la Norma oficial mexicana)<\/li><\/ul>\n\n\n\n<p>Los Productos aplicados est\u00e1n registrados en la EPA y asesorados por la CDC<\/p>\n\n\n\n<h2 class=\"wp-block-heading\">Recomendaciones para nuestros clientes:<\/h2>\n\n\n\n<ul class=\"wp-block-list\"><li>Evite tocarse ojos, nariz o la boca.<\/li><li>Use cubrebocas durante todo el d\u00eda<\/li><li>Aplique Gel antibacterial constantemente<\/li><li>Lavado de manos constante<\/li><li>Evite viajes compartidos.<\/li><li>Evite aglomeraciones<\/li><li>Evite el contacto con las superficies que los pasajeros u otros conductores tocan con frecuencia, como los marcos\/manijas de las puertas, ventanillas, hebillas de los cinturones de seguridad.<\/li><\/ul>\n","protected":false},"excerpt":{"rendered":"<p>COMUNICADO OFICIAL Vip Transportaci\u00f3n Los Cabos est\u00e1 comprometido en brindar a todos nuestros clientes y colaboradores la mejor experiencia posible, su seguridad y bienestar es nuestra prioridad. Estamos actualiz\u00e1ndonos activamente sobre la situaci\u00f3n del COVID-19 y tomando medidas para que todos estemos seguros. Es por ello que bas\u00e1ndonos en los lineamientos y restricciones de viaje [&hellip;]<\/p>\n","protected":false},"author":1455,"featured_media":0,"parent":0,"menu_order":0,"comment_status":"closed","ping_status":"closed","template":"","meta":{"_lmt_disableupdate":"","_lmt_disable":"","_themeisle_gutenberg_block_has_review":false,"jetpack_post_was_ever_published":false,"footnotes":""},"class_list":["post-20660","page","type-page","status-publish","hentry"],"yoast_head":"<!-- This site is optimized with the Yoast SEO plugin v26.5 - https:\/\/yoast.com\/wordpress\/plugins\/seo\/ -->\n<title>Coronavirus Update - Are you looking for the best transportation service in Los Cabos?<\/title>\n<meta name=\"description\" content=\"We are actively updating ourselves on the COVID-19 situation and taking steps so that we are all safe. That is why, based on global travel guidelines and restrictions, and following the recommendations to contain the contagion of COVID-19, we are constantly training ourselves to be able to receive tourists again from June 1, 2020, guaranteeing them all relevant measures to make their trip safe.\" \/>\n<meta name=\"robots\" content=\"index, follow, max-snippet:-1, max-image-preview:large, max-video-preview:-1\" \/>\n<link rel=\"canonical\" href=\"https:\/\/www.viptransportationloscabos.com\/es\/coronavirus-update\/\" \/>\n<meta property=\"og:locale\" content=\"es_ES\" \/>\n<meta property=\"og:type\" content=\"article\" \/>\n<meta property=\"og:title\" content=\"Coronavirus Update - Are you looking for the best transportation service in Los Cabos?\" \/>\n<meta property=\"og:description\" content=\"We are actively updating ourselves on the COVID-19 situation and taking steps so that we are all safe. That is why, based on global travel guidelines and restrictions, and following the recommendations to contain the contagion of COVID-19, we are constantly training ourselves to be able to receive tourists again from June 1, 2020, guaranteeing them all relevant measures to make their trip safe.\" \/>\n<meta property=\"og:url\" content=\"https:\/\/www.viptransportationloscabos.com\/es\/coronavirus-update\/\" \/>\n<meta property=\"og:site_name\" content=\"Are you looking for the best transportation service in Los Cabos?\" \/>\n<meta property=\"article:publisher\" content=\"https:\/\/www.facebook.com\/viptransportationloscabos\/\" \/>\n<meta property=\"article:modified_time\" content=\"2020-05-13T16:18:55+00:00\" \/>\n<meta property=\"og:image\" content=\"https:\/\/www.viptransportationloscabos.com\/wp-content\/uploads\/2017\/04\/WhatsApp-Image-2025-05-26-at-1.23.51-PM-2.jpeg\" \/>\n\t<meta property=\"og:image:width\" content=\"1599\" \/>\n\t<meta property=\"og:image:height\" content=\"1200\" \/>\n\t<meta property=\"og:image:type\" content=\"image\/jpeg\" \/>\n<meta name=\"twitter:card\" content=\"summary_large_image\" \/>\n<meta name=\"twitter:label1\" content=\"Tiempo de lectura\" \/>\n\t<meta name=\"twitter:data1\" content=\"2 minutos\" \/>\n<script type=\"application\/ld+json\" class=\"yoast-schema-graph\">{\"@context\":\"https:\/\/schema.org\",\"@graph\":[{\"@type\":\"WebPage\",\"@id\":\"https:\/\/www.viptransportationloscabos.com\/es\/coronavirus-update\/\",\"url\":\"https:\/\/www.viptransportationloscabos.com\/es\/coronavirus-update\/\",\"name\":\"Coronavirus Update - Are you looking for the best transportation service in Los Cabos?\",\"isPartOf\":{\"@id\":\"https:\/\/www.viptransportationloscabos.com\/es\/#website\"},\"datePublished\":\"2020-05-12T14:50:21+00:00\",\"dateModified\":\"2020-05-13T16:18:55+00:00\",\"description\":\"We are actively updating ourselves on the COVID-19 situation and taking steps so that we are all safe. That is why, based on global travel guidelines and restrictions, and following the recommendations to contain the contagion of COVID-19, we are constantly training ourselves to be able to receive tourists again from June 1, 2020, guaranteeing them all relevant measures to make their trip safe.\",\"breadcrumb\":{\"@id\":\"https:\/\/www.viptransportationloscabos.com\/es\/coronavirus-update\/#breadcrumb\"},\"inLanguage\":\"es\",\"potentialAction\":[{\"@type\":\"ReadAction\",\"target\":[\"https:\/\/www.viptransportationloscabos.com\/es\/coronavirus-update\/\"]}]},{\"@type\":\"BreadcrumbList\",\"@id\":\"https:\/\/www.viptransportationloscabos.com\/es\/coronavirus-update\/#breadcrumb\",\"itemListElement\":[{\"@type\":\"ListItem\",\"position\":1,\"name\":\"Home\",\"item\":\"https:\/\/www.viptransportationloscabos.com\/es\/\"},{\"@type\":\"ListItem\",\"position\":2,\"name\":\"Coronavirus Update\"}]},{\"@type\":\"WebSite\",\"@id\":\"https:\/\/www.viptransportationloscabos.com\/es\/#website\",\"url\":\"https:\/\/www.viptransportationloscabos.com\/es\/\",\"name\":\"Are you looking for the best transportation service in Los Cabos? - Airport to Hotel Private Shuttle Service\",\"description\":\"You have never felt so much like a VIP before\",\"publisher\":{\"@id\":\"https:\/\/www.viptransportationloscabos.com\/es\/#organization\"},\"potentialAction\":[{\"@type\":\"SearchAction\",\"target\":{\"@type\":\"EntryPoint\",\"urlTemplate\":\"https:\/\/www.viptransportationloscabos.com\/es\/?s={search_term_string}\"},\"query-input\":{\"@type\":\"PropertyValueSpecification\",\"valueRequired\":true,\"valueName\":\"search_term_string\"}}],\"inLanguage\":\"es\"},{\"@type\":\"Organization\",\"@id\":\"https:\/\/www.viptransportationloscabos.com\/es\/#organization\",\"name\":\"VIP Transportation Los Cabos - Airport to Hotel Private Shuttle Service\",\"url\":\"https:\/\/www.viptransportationloscabos.com\/es\/\",\"logo\":{\"@type\":\"ImageObject\",\"inLanguage\":\"es\",\"@id\":\"https:\/\/www.viptransportationloscabos.com\/es\/#\/schema\/logo\/image\/\",\"url\":\"https:\/\/www.viptransportationloscabos.com\/wp-content\/uploads\/2017\/04\/VIP_T_Logo_color.png\",\"contentUrl\":\"https:\/\/www.viptransportationloscabos.com\/wp-content\/uploads\/2017\/04\/VIP_T_Logo_color.png\",\"width\":792,\"height\":325,\"caption\":\"VIP Transportation Los Cabos - Airport to Hotel Private Shuttle Service\"},\"image\":{\"@id\":\"https:\/\/www.viptransportationloscabos.com\/es\/#\/schema\/logo\/image\/\"},\"sameAs\":[\"https:\/\/www.facebook.com\/viptransportationloscabos\/\",\"http:\/\/instagram.com\/vipcabos\",\"https:\/\/www.tripadvisor.com\/Attraction_Review-g152516-d10358020-Reviews-VIP_Transportation_Los_Cabos-San_Jose_del_Cabo_Los_Cabos_Baja_California.html\"]}]}<\/script>\n<!-- \/ Yoast SEO plugin. -->","yoast_head_json":{"title":"Coronavirus Update - Are you looking for the best transportation service in Los Cabos?","description":"We are actively updating ourselves on the COVID-19 situation and taking steps so that we are all safe. That is why, based on global travel guidelines and restrictions, and following the recommendations to contain the contagion of COVID-19, we are constantly training ourselves to be able to receive tourists again from June 1, 2020, guaranteeing them all relevant measures to make their trip safe.","robots":{"index":"index","follow":"follow","max-snippet":"max-snippet:-1","max-image-preview":"max-image-preview:large","max-video-preview":"max-video-preview:-1"},"canonical":"https:\/\/www.viptransportationloscabos.com\/es\/coronavirus-update\/","og_locale":"es_ES","og_type":"article","og_title":"Coronavirus Update - Are you looking for the best transportation service in Los Cabos?","og_description":"We are actively updating ourselves on the COVID-19 situation and taking steps so that we are all safe. That is why, based on global travel guidelines and restrictions, and following the recommendations to contain the contagion of COVID-19, we are constantly training ourselves to be able to receive tourists again from June 1, 2020, guaranteeing them all relevant measures to make their trip safe.","og_url":"https:\/\/www.viptransportationloscabos.com\/es\/coronavirus-update\/","og_site_name":"Are you looking for the best transportation service in Los Cabos?","article_publisher":"https:\/\/www.facebook.com\/viptransportationloscabos\/","article_modified_time":"2020-05-13T16:18:55+00:00","og_image":[{"width":1599,"height":1200,"url":"https:\/\/www.viptransportationloscabos.com\/wp-content\/uploads\/2017\/04\/WhatsApp-Image-2025-05-26-at-1.23.51-PM-2.jpeg","type":"image\/jpeg"}],"twitter_card":"summary_large_image","twitter_misc":{"Tiempo de lectura":"2 minutos"},"schema":{"@context":"https:\/\/schema.org","@graph":[{"@type":"WebPage","@id":"https:\/\/www.viptransportationloscabos.com\/es\/coronavirus-update\/","url":"https:\/\/www.viptransportationloscabos.com\/es\/coronavirus-update\/","name":"Coronavirus Update - Are you looking for the best transportation service in Los Cabos?","isPartOf":{"@id":"https:\/\/www.viptransportationloscabos.com\/es\/#website"},"datePublished":"2020-05-12T14:50:21+00:00","dateModified":"2020-05-13T16:18:55+00:00","description":"We are actively updating ourselves on the COVID-19 situation and taking steps so that we are all safe. That is why, based on global travel guidelines and restrictions, and following the recommendations to contain the contagion of COVID-19, we are constantly training ourselves to be able to receive tourists again from June 1, 2020, guaranteeing them all relevant measures to make their trip safe.","breadcrumb":{"@id":"https:\/\/www.viptransportationloscabos.com\/es\/coronavirus-update\/#breadcrumb"},"inLanguage":"es","potentialAction":[{"@type":"ReadAction","target":["https:\/\/www.viptransportationloscabos.com\/es\/coronavirus-update\/"]}]},{"@type":"BreadcrumbList","@id":"https:\/\/www.viptransportationloscabos.com\/es\/coronavirus-update\/#breadcrumb","itemListElement":[{"@type":"ListItem","position":1,"name":"Home","item":"https:\/\/www.viptransportationloscabos.com\/es\/"},{"@type":"ListItem","position":2,"name":"Coronavirus Update"}]},{"@type":"WebSite","@id":"https:\/\/www.viptransportationloscabos.com\/es\/#website","url":"https:\/\/www.viptransportationloscabos.com\/es\/","name":"Are you looking for the best transportation service in Los Cabos? - Airport to Hotel Private Shuttle Service","description":"You have never felt so much like a VIP before","publisher":{"@id":"https:\/\/www.viptransportationloscabos.com\/es\/#organization"},"potentialAction":[{"@type":"SearchAction","target":{"@type":"EntryPoint","urlTemplate":"https:\/\/www.viptransportationloscabos.com\/es\/?s={search_term_string}"},"query-input":{"@type":"PropertyValueSpecification","valueRequired":true,"valueName":"search_term_string"}}],"inLanguage":"es"},{"@type":"Organization","@id":"https:\/\/www.viptransportationloscabos.com\/es\/#organization","name":"VIP Transportation Los Cabos - Airport to Hotel Private Shuttle Service","url":"https:\/\/www.viptransportationloscabos.com\/es\/","logo":{"@type":"ImageObject","inLanguage":"es","@id":"https:\/\/www.viptransportationloscabos.com\/es\/#\/schema\/logo\/image\/","url":"https:\/\/www.viptransportationloscabos.com\/wp-content\/uploads\/2017\/04\/VIP_T_Logo_color.png","contentUrl":"https:\/\/www.viptransportationloscabos.com\/wp-content\/uploads\/2017\/04\/VIP_T_Logo_color.png","width":792,"height":325,"caption":"VIP Transportation Los Cabos - Airport to Hotel Private Shuttle Service"},"image":{"@id":"https:\/\/www.viptransportationloscabos.com\/es\/#\/schema\/logo\/image\/"},"sameAs":["https:\/\/www.facebook.com\/viptransportationloscabos\/","http:\/\/instagram.com\/vipcabos","https:\/\/www.tripadvisor.com\/Attraction_Review-g152516-d10358020-Reviews-VIP_Transportation_Los_Cabos-San_Jose_del_Cabo_Los_Cabos_Baja_California.html"]}]}},"jetpack-related-posts":[],"jetpack_sharing_enabled":true,"jetpack_shortlink":"https:\/\/wp.me\/P8A0qL-5ne","_links":{"self":[{"href":"https:\/\/www.viptransportationloscabos.com\/es\/wp-json\/wp\/v2\/pages\/20660","targetHints":{"allow":["GET"]}}],"collection":[{"href":"https:\/\/www.viptransportationloscabos.com\/es\/wp-json\/wp\/v2\/pages"}],"about":[{"href":"https:\/\/www.viptransportationloscabos.com\/es\/wp-json\/wp\/v2\/types\/page"}],"author":[{"embeddable":true,"href":"https:\/\/www.viptransportationloscabos.com\/es\/wp-json\/wp\/v2\/users\/1455"}],"replies":[{"embeddable":true,"href":"https:\/\/www.viptransportationloscabos.com\/es\/wp-json\/wp\/v2\/comments?post=20660"}],"version-history":[{"count":0,"href":"https:\/\/www.viptransportationloscabos.com\/es\/wp-json\/wp\/v2\/pages\/20660\/revisions"}],"wp:attachment":[{"href":"https:\/\/www.viptransportationloscabos.com\/es\/wp-json\/wp\/v2\/media?parent=20660"}],"curies":[{"name":"wp","href":"https:\/\/api.w.org\/{rel}","templated":true}]}}