{"id":1229,"date":"2017-04-20T05:45:42","date_gmt":"2017-04-20T05:45:42","guid":{"rendered":"https:\/\/www.viptransportationloscabos.com\/?page_id=1229"},"modified":"2020-06-02T00:03:10","modified_gmt":"2020-06-02T00:03:10","slug":"about-us","status":"publish","type":"page","link":"https:\/\/www.viptransportationloscabos.com\/es\/about-us\/","title":{"rendered":"Nosotros"},"content":{"rendered":"<p>Somos una empresa dedicada al transporte en Cabo, nos encargamos de hacer el traslado de pasajeros desde y hacia los aeropuertos y alrededores de Cabo San Lucas con la firme intenci\u00f3n de que su experiencia de viaje sea segura, confiable, totalmente personalizada adapt\u00e1ndose a sus necesidades y garantizando calidad. Tenemos una flota de unidades nuevas y c\u00f3modas, un equipo de trabajo responsable, comprometido a proporcionar la confianza y la paz que merecen, porque para nosotros todos nuestros clientes son VIP.<\/p>\n<p>Ser reconocido como <strong>l\u00edder en el servicio de transporte tur\u00edstico y corporativo, ser\u00e1 la mejor opci\u00f3n de traslados en Cabo San Lucas<\/strong>, siempre trabajando para ofrecer calidad que se encuentre dentro de los m\u00e1s altos est\u00e1ndares, siempre adapt\u00e1ndose a sus necesidades.<br \/>\n<strong>Values:<\/strong><\/p>\n<ul>\n<li>Responsabilidad<\/li>\n<li>Calidad de servicio<\/li>\n<li>Trabajo en equipo<\/li>\n<li>Seguridad<\/li>\n<li>El respeto<\/li>\n<li>Eficiencia y eficacia<\/li>\n<\/ul>\n<p><strong>Servicios<\/strong><br \/>\nUsted ser\u00e1 transportado en un lugar limpio y agradable por un precio razonable. P\u00f3ngase en contacto con nosotros si necesita transporte al aeropuerto de Cabo San Lucas u otro lugar en Cabo, no importa si usted tiene un grupo grande nuestro servicio la transferencia se adapte a sus necesidades y solicitud.<br \/>\nEl servicio m\u00e1s solicitado es el traslado al Aeropuerto de Cabo San Lucas<br \/>\nNuestra Flota: Tenemos una variedad de unidades \u00fanicas para proporcionar transporte en Cabo, SUV, furgoneta, minib\u00fas o autob\u00fas 50 asientos en nuestra flota<br \/>\n<strong>Ofrecemos las siguientes instalaciones:<\/strong><br \/>\n<strong>Pago en l\u00ednea:<\/strong> Usted puede pagar con su tarjeta de cr\u00e9dito, PayPal o transferencia bancaria, tenemos la mejor plataforma para asegurar que sus datos son seguros.<br \/>\n<strong>Precios:<\/strong> Ahorre tiempo y dinero mediante la reserva de un servicio que es m\u00e1s econ\u00f3mico tan otros.<br \/>\n<strong>Puntualidad:<\/strong> siempre a tiempo para enviar en su viaje retrasos y m\u00e1s agradable.<\/p>\n","protected":false},"excerpt":{"rendered":"<p>Somos una empresa dedicada al transporte en Cabo, nos encargamos de hacer el traslado de pasajeros desde y hacia los aeropuertos y alrededores de Cabo San Lucas con la firme intenci\u00f3n de que su experiencia de viaje sea segura, confiable, totalmente personalizada adapt\u00e1ndose a sus necesidades y garantizando calidad. Tenemos una flota de unidades nuevas [&hellip;]<\/p>\n","protected":false},"author":1,"featured_media":0,"parent":0,"menu_order":0,"comment_status":"closed","ping_status":"closed","template":"","meta":{"_lmt_disableupdate":"","_lmt_disable":"","_themeisle_gutenberg_block_has_review":false,"jetpack_post_was_ever_published":false,"footnotes":""},"class_list":["post-1229","page","type-page","status-publish","hentry"],"yoast_head":"<!-- This site is optimized with the Yoast SEO plugin v26.5 - https:\/\/yoast.com\/wordpress\/plugins\/seo\/ -->\n<title>Nosotros - Are you looking for the best transportation service in Los Cabos?<\/title>\n<meta name=\"robots\" content=\"index, follow, max-snippet:-1, max-image-preview:large, max-video-preview:-1\" \/>\n<link rel=\"canonical\" href=\"https:\/\/www.viptransportationloscabos.com\/es\/about-us\/\" \/>\n<meta property=\"og:locale\" content=\"es_ES\" \/>\n<meta property=\"og:type\" content=\"article\" \/>\n<meta property=\"og:title\" content=\"Nosotros - Are you looking for the best transportation service in Los Cabos?\" \/>\n<meta property=\"og:description\" content=\"Somos una empresa dedicada al transporte en Cabo, nos encargamos de hacer el traslado de pasajeros desde y hacia los aeropuertos y alrededores de Cabo San Lucas con la firme intenci\u00f3n de que su experiencia de viaje sea segura, confiable, totalmente personalizada adapt\u00e1ndose a sus necesidades y garantizando calidad. Tenemos una flota de unidades nuevas [&hellip;]\" \/>\n<meta property=\"og:url\" content=\"https:\/\/www.viptransportationloscabos.com\/es\/about-us\/\" \/>\n<meta property=\"og:site_name\" content=\"Are you looking for the best transportation service in Los Cabos?\" \/>\n<meta property=\"article:publisher\" content=\"https:\/\/www.facebook.com\/viptransportationloscabos\/\" \/>\n<meta property=\"article:modified_time\" content=\"2020-06-02T00:03:10+00:00\" \/>\n<meta property=\"og:image\" content=\"https:\/\/www.viptransportationloscabos.com\/wp-content\/uploads\/2017\/04\/WhatsApp-Image-2025-05-26-at-1.23.51-PM-2.jpeg\" \/>\n\t<meta property=\"og:image:width\" content=\"1599\" \/>\n\t<meta property=\"og:image:height\" content=\"1200\" \/>\n\t<meta property=\"og:image:type\" content=\"image\/jpeg\" \/>\n<meta name=\"twitter:card\" content=\"summary_large_image\" \/>\n<meta name=\"twitter:label1\" content=\"Tiempo de lectura\" \/>\n\t<meta name=\"twitter:data1\" content=\"2 minutos\" \/>\n<script type=\"application\/ld+json\" class=\"yoast-schema-graph\">{\"@context\":\"https:\/\/schema.org\",\"@graph\":[{\"@type\":\"WebPage\",\"@id\":\"https:\/\/www.viptransportationloscabos.com\/es\/about-us\/\",\"url\":\"https:\/\/www.viptransportationloscabos.com\/es\/about-us\/\",\"name\":\"Nosotros - Are you looking for the best transportation service in Los Cabos?\",\"isPartOf\":{\"@id\":\"https:\/\/www.viptransportationloscabos.com\/es\/#website\"},\"datePublished\":\"2017-04-20T05:45:42+00:00\",\"dateModified\":\"2020-06-02T00:03:10+00:00\",\"breadcrumb\":{\"@id\":\"https:\/\/www.viptransportationloscabos.com\/es\/about-us\/#breadcrumb\"},\"inLanguage\":\"es\",\"potentialAction\":[{\"@type\":\"ReadAction\",\"target\":[\"https:\/\/www.viptransportationloscabos.com\/es\/about-us\/\"]}]},{\"@type\":\"BreadcrumbList\",\"@id\":\"https:\/\/www.viptransportationloscabos.com\/es\/about-us\/#breadcrumb\",\"itemListElement\":[{\"@type\":\"ListItem\",\"position\":1,\"name\":\"Home\",\"item\":\"https:\/\/www.viptransportationloscabos.com\/es\/\"},{\"@type\":\"ListItem\",\"position\":2,\"name\":\"Nosotros\"}]},{\"@type\":\"WebSite\",\"@id\":\"https:\/\/www.viptransportationloscabos.com\/es\/#website\",\"url\":\"https:\/\/www.viptransportationloscabos.com\/es\/\",\"name\":\"Are you looking for the best transportation service in Los Cabos? - Airport to Hotel Private Shuttle Service\",\"description\":\"You have never felt so much like a VIP before\",\"publisher\":{\"@id\":\"https:\/\/www.viptransportationloscabos.com\/es\/#organization\"},\"potentialAction\":[{\"@type\":\"SearchAction\",\"target\":{\"@type\":\"EntryPoint\",\"urlTemplate\":\"https:\/\/www.viptransportationloscabos.com\/es\/?s={search_term_string}\"},\"query-input\":{\"@type\":\"PropertyValueSpecification\",\"valueRequired\":true,\"valueName\":\"search_term_string\"}}],\"inLanguage\":\"es\"},{\"@type\":\"Organization\",\"@id\":\"https:\/\/www.viptransportationloscabos.com\/es\/#organization\",\"name\":\"VIP Transportation Los Cabos - Airport to Hotel Private Shuttle Service\",\"url\":\"https:\/\/www.viptransportationloscabos.com\/es\/\",\"logo\":{\"@type\":\"ImageObject\",\"inLanguage\":\"es\",\"@id\":\"https:\/\/www.viptransportationloscabos.com\/es\/#\/schema\/logo\/image\/\",\"url\":\"https:\/\/www.viptransportationloscabos.com\/wp-content\/uploads\/2017\/04\/VIP_T_Logo_color.png\",\"contentUrl\":\"https:\/\/www.viptransportationloscabos.com\/wp-content\/uploads\/2017\/04\/VIP_T_Logo_color.png\",\"width\":792,\"height\":325,\"caption\":\"VIP Transportation Los Cabos - Airport to Hotel Private Shuttle Service\"},\"image\":{\"@id\":\"https:\/\/www.viptransportationloscabos.com\/es\/#\/schema\/logo\/image\/\"},\"sameAs\":[\"https:\/\/www.facebook.com\/viptransportationloscabos\/\",\"http:\/\/instagram.com\/vipcabos\",\"https:\/\/www.tripadvisor.com\/Attraction_Review-g152516-d10358020-Reviews-VIP_Transportation_Los_Cabos-San_Jose_del_Cabo_Los_Cabos_Baja_California.html\"]}]}<\/script>\n<!-- \/ Yoast SEO plugin. -->","yoast_head_json":{"title":"Nosotros - Are you looking for the best transportation service in Los Cabos?","robots":{"index":"index","follow":"follow","max-snippet":"max-snippet:-1","max-image-preview":"max-image-preview:large","max-video-preview":"max-video-preview:-1"},"canonical":"https:\/\/www.viptransportationloscabos.com\/es\/about-us\/","og_locale":"es_ES","og_type":"article","og_title":"Nosotros - Are you looking for the best transportation service in Los Cabos?","og_description":"Somos una empresa dedicada al transporte en Cabo, nos encargamos de hacer el traslado de pasajeros desde y hacia los aeropuertos y alrededores de Cabo San Lucas con la firme intenci\u00f3n de que su experiencia de viaje sea segura, confiable, totalmente personalizada adapt\u00e1ndose a sus necesidades y garantizando calidad. Tenemos una flota de unidades nuevas [&hellip;]","og_url":"https:\/\/www.viptransportationloscabos.com\/es\/about-us\/","og_site_name":"Are you looking for the best transportation service in Los Cabos?","article_publisher":"https:\/\/www.facebook.com\/viptransportationloscabos\/","article_modified_time":"2020-06-02T00:03:10+00:00","og_image":[{"width":1599,"height":1200,"url":"https:\/\/www.viptransportationloscabos.com\/wp-content\/uploads\/2017\/04\/WhatsApp-Image-2025-05-26-at-1.23.51-PM-2.jpeg","type":"image\/jpeg"}],"twitter_card":"summary_large_image","twitter_misc":{"Tiempo de lectura":"2 minutos"},"schema":{"@context":"https:\/\/schema.org","@graph":[{"@type":"WebPage","@id":"https:\/\/www.viptransportationloscabos.com\/es\/about-us\/","url":"https:\/\/www.viptransportationloscabos.com\/es\/about-us\/","name":"Nosotros - Are you looking for the best transportation service in Los Cabos?","isPartOf":{"@id":"https:\/\/www.viptransportationloscabos.com\/es\/#website"},"datePublished":"2017-04-20T05:45:42+00:00","dateModified":"2020-06-02T00:03:10+00:00","breadcrumb":{"@id":"https:\/\/www.viptransportationloscabos.com\/es\/about-us\/#breadcrumb"},"inLanguage":"es","potentialAction":[{"@type":"ReadAction","target":["https:\/\/www.viptransportationloscabos.com\/es\/about-us\/"]}]},{"@type":"BreadcrumbList","@id":"https:\/\/www.viptransportationloscabos.com\/es\/about-us\/#breadcrumb","itemListElement":[{"@type":"ListItem","position":1,"name":"Home","item":"https:\/\/www.viptransportationloscabos.com\/es\/"},{"@type":"ListItem","position":2,"name":"Nosotros"}]},{"@type":"WebSite","@id":"https:\/\/www.viptransportationloscabos.com\/es\/#website","url":"https:\/\/www.viptransportationloscabos.com\/es\/","name":"Are you looking for the best transportation service in Los Cabos? - Airport to Hotel Private Shuttle Service","description":"You have never felt so much like a VIP before","publisher":{"@id":"https:\/\/www.viptransportationloscabos.com\/es\/#organization"},"potentialAction":[{"@type":"SearchAction","target":{"@type":"EntryPoint","urlTemplate":"https:\/\/www.viptransportationloscabos.com\/es\/?s={search_term_string}"},"query-input":{"@type":"PropertyValueSpecification","valueRequired":true,"valueName":"search_term_string"}}],"inLanguage":"es"},{"@type":"Organization","@id":"https:\/\/www.viptransportationloscabos.com\/es\/#organization","name":"VIP Transportation Los Cabos - Airport to Hotel Private Shuttle Service","url":"https:\/\/www.viptransportationloscabos.com\/es\/","logo":{"@type":"ImageObject","inLanguage":"es","@id":"https:\/\/www.viptransportationloscabos.com\/es\/#\/schema\/logo\/image\/","url":"https:\/\/www.viptransportationloscabos.com\/wp-content\/uploads\/2017\/04\/VIP_T_Logo_color.png","contentUrl":"https:\/\/www.viptransportationloscabos.com\/wp-content\/uploads\/2017\/04\/VIP_T_Logo_color.png","width":792,"height":325,"caption":"VIP Transportation Los Cabos - Airport to Hotel Private Shuttle Service"},"image":{"@id":"https:\/\/www.viptransportationloscabos.com\/es\/#\/schema\/logo\/image\/"},"sameAs":["https:\/\/www.facebook.com\/viptransportationloscabos\/","http:\/\/instagram.com\/vipcabos","https:\/\/www.tripadvisor.com\/Attraction_Review-g152516-d10358020-Reviews-VIP_Transportation_Los_Cabos-San_Jose_del_Cabo_Los_Cabos_Baja_California.html"]}]}},"jetpack-related-posts":[],"jetpack_sharing_enabled":true,"jetpack_shortlink":"https:\/\/wp.me\/P8A0qL-jP","_links":{"self":[{"href":"https:\/\/www.viptransportationloscabos.com\/es\/wp-json\/wp\/v2\/pages\/1229","targetHints":{"allow":["GET"]}}],"collection":[{"href":"https:\/\/www.viptransportationloscabos.com\/es\/wp-json\/wp\/v2\/pages"}],"about":[{"href":"https:\/\/www.viptransportationloscabos.com\/es\/wp-json\/wp\/v2\/types\/page"}],"author":[{"embeddable":true,"href":"https:\/\/www.viptransportationloscabos.com\/es\/wp-json\/wp\/v2\/users\/1"}],"replies":[{"embeddable":true,"href":"https:\/\/www.viptransportationloscabos.com\/es\/wp-json\/wp\/v2\/comments?post=1229"}],"version-history":[{"count":0,"href":"https:\/\/www.viptransportationloscabos.com\/es\/wp-json\/wp\/v2\/pages\/1229\/revisions"}],"wp:attachment":[{"href":"https:\/\/www.viptransportationloscabos.com\/es\/wp-json\/wp\/v2\/media?parent=1229"}],"curies":[{"name":"wp","href":"https:\/\/api.w.org\/{rel}","templated":true}]}}